{"id":5396,"date":"2021-05-27T15:58:31","date_gmt":"2021-05-27T15:58:31","guid":{"rendered":"https:\/\/streetartfestival.si\/about-ljsaf\/"},"modified":"2023-06-02T12:35:56","modified_gmt":"2023-06-02T12:35:56","slug":"about-ljsaf","status":"publish","type":"page","link":"https:\/\/streetartfestival.si\/en\/about-ljsaf\/","title":{"rendered":"ABOUT LJSAF"},"content":{"rendered":"\t\t<div data-elementor-type=\"wp-page\" data-elementor-id=\"5396\" class=\"elementor elementor-5396 elementor-2567\">\n\t\t\t\t\t\t<section class=\"elementor-section elementor-top-section elementor-element elementor-element-7a772ed1 elementor-section-boxed elementor-section-height-default elementor-section-height-default\" data-id=\"7a772ed1\" data-element_type=\"section\">\n\t\t\t\t\t\t<div class=\"elementor-container elementor-column-gap-default\">\n\t\t\t\t\t<div class=\"elementor-column elementor-col-33 elementor-top-column elementor-element elementor-element-630a8de3\" data-id=\"630a8de3\" data-element_type=\"column\">\n\t\t\t<div class=\"elementor-widget-wrap elementor-element-populated\">\n\t\t\t\t\t\t<div class=\"elementor-element elementor-element-7bb6d3cf elementor-widget elementor-widget-image\" data-id=\"7bb6d3cf\" data-element_type=\"widget\" data-settings=\"{&quot;ekit_we_effect_on&quot;:&quot;none&quot;}\" data-widget_type=\"image.default\">\n\t\t\t\t<div class=\"elementor-widget-container\">\n\t\t\t\t\t\t\t\t\t\t\t\t\t<img fetchpriority=\"high\" decoding=\"async\" width=\"454\" height=\"281\" src=\"https:\/\/streetartfestival.si\/wp-content\/uploads\/2021\/05\/Ljubljana-Street-Art-Festival-LOGO.png\" class=\"attachment-large size-large wp-image-2453\" alt=\"\" srcset=\"https:\/\/streetartfestival.si\/wp-content\/uploads\/2021\/05\/Ljubljana-Street-Art-Festival-LOGO.png 454w, https:\/\/streetartfestival.si\/wp-content\/uploads\/2021\/05\/Ljubljana-Street-Art-Festival-LOGO-300x186.png 300w\" sizes=\"(max-width: 454px) 100vw, 454px\" \/>\t\t\t\t\t\t\t\t\t\t\t\t\t<\/div>\n\t\t\t\t<\/div>\n\t\t\t\t\t<\/div>\n\t\t<\/div>\n\t\t\t\t<div class=\"elementor-column elementor-col-66 elementor-top-column elementor-element elementor-element-20f70116\" data-id=\"20f70116\" data-element_type=\"column\">\n\t\t\t<div class=\"elementor-widget-wrap elementor-element-populated\">\n\t\t\t\t\t\t<div class=\"elementor-element elementor-element-5939fa2a elementor-widget elementor-widget-text-editor\" data-id=\"5939fa2a\" data-element_type=\"widget\" data-settings=\"{&quot;ekit_we_effect_on&quot;:&quot;none&quot;}\" data-widget_type=\"text-editor.default\">\n\t\t\t\t<div class=\"elementor-widget-container\">\n\t\t\t\t\t\t\t<strong>Ljubljana Street Art Festival is the first international contemporary street art festival in Slovenia. <\/strong>Born from a passion for street art, graffiti, urban art, and art interventions in public spaces, Ljubljana Street Art Festival brings together international and local artists and scholars. It invites visitors to read the streets, participate in activities as well as it showcases young, emerging generations of street artists to ensure a bright future for one of the most important art movements of the 21st century.\r\n\r\nThe main organizer of the Ljubljana Street Art Festival is <a href=\"http:\/\/inurb.si\/en\/\" target=\"_blank\" rel=\"noopener\">INURB, Institute for Urban Questions<\/a> (In\u0161titut za urbana vpra\u0161anja). The co-producers of the 2021 edition of the festival is <a href=\"https:\/\/www.kinosiska.si\/en\/\" target=\"_blank\" rel=\"noopener\">Kino \u0160i\u0161ka Centre for Urban Culture<\/a>.\r\n\r\n<strong>INURB<\/strong> was founded in April 2018 as a platform raise public awareness of non-institutional creative practices, alternative local micro-histories and urban cultural phenomena. In the project <a href=\"http:\/\/alternativetoursljubljana.com\/\" target=\"_blank\" rel=\"noopener\">Alternative Ljubljana<\/a> INURB&#8217;s team developed educational walks about the cultural history, social and political context of various urban subcultures and alternative movements in Ljubljana. Since 2019, INURB is the organizer of the annual international Ljubljana Street Art Festival.\t\t\t\t\t\t<\/div>\n\t\t\t\t<\/div>\n\t\t\t\t<div class=\"elementor-element elementor-element-0bd89b1 elementor-widget elementor-widget-text-editor\" data-id=\"0bd89b1\" data-element_type=\"widget\" data-settings=\"{&quot;ekit_we_effect_on&quot;:&quot;none&quot;}\" data-widget_type=\"text-editor.default\">\n\t\t\t\t<div class=\"elementor-widget-container\">\n\t\t\t\t\t\t\t<h2><b>Colophon<\/b><\/h2><p><b>Festival Director:<\/b>\u00a0dr. Sandi Abram<\/p><p><b><span style=\"font-weight: 400;\"><strong>Conference Steering Committee: <\/strong>dr. Sandi Abram, Eric U\u0161i\u0107<\/span><\/b><\/p><p><b>Graphic Design:<\/b>\u00a0Linda S\u00f6derholm<\/p><p><b>Public Relations:<\/b> Jaka Grm<\/p><p><b>Social Media:<\/b> Jaka Grm, Dominika Ma\u0161a Kozar<\/p><p><b>Programme Partners:\u00a0 <\/b><span style=\"font-weight: 400;\">Nata\u0161a Serec, Katarina Deskovi\u010d, Anabel \u010cernohorski, Darja \u0160tirn, Borut Savski, Aljo\u0161a Cetinski, Sara Isa Djukanovi\u010d, Maja Pahor, RejvUtopia Collective.<br \/><\/span><\/p><p><b>Photography: <\/b>\u00a0\u010crt Piksi<\/p><p><strong>Video:\u00a0<\/strong>Bla\u017e Bergant<\/p><p><b>Main Organizers:<\/b> In\u0161titut za urbana vpra\u0161anja &amp; <span style=\"font-weight: 400;\">Center urbane kulture Kino \u0160i\u0161ka<\/span><\/p><p><strong>Co-producers:<\/strong> <span style=\"font-weight: 400;\">Dru\u0161tvo KAPA, Galerija No\u010dna izlo\u017eba Pe\u0161ak, KUD Mre\u017ea, Mladi Zmaji, Vrtec Vodmat, \u0160D Tabor, \u017dmauc, Cirkulacija2, Monokel, Tiffany, Dru\u0161tvo YHD, JallaJalla, RejvUtopia <br \/><\/span><\/p><p><b>Additional Information: <\/b>E: <a href=\"mailto:info@streetartfestival.si\"><span style=\"font-weight: 400;\">info(at)streetartfestival.si<\/span><\/a><\/p>\t\t\t\t\t\t<\/div>\n\t\t\t\t<\/div>\n\t\t\t\t\t<\/div>\n\t\t<\/div>\n\t\t\t\t\t<\/div>\n\t\t<\/section>\n\t\t\t\t<section class=\"elementor-section elementor-top-section elementor-element elementor-element-2a289e8b elementor-section-boxed elementor-section-height-default elementor-section-height-default\" data-id=\"2a289e8b\" data-element_type=\"section\" data-settings=\"{&quot;background_background&quot;:&quot;gradient&quot;}\">\n\t\t\t\t\t\t<div class=\"elementor-container elementor-column-gap-default\">\n\t\t\t\t\t<div class=\"elementor-column elementor-col-100 elementor-top-column elementor-element elementor-element-811c9fe\" data-id=\"811c9fe\" data-element_type=\"column\">\n\t\t\t<div class=\"elementor-widget-wrap elementor-element-populated\">\n\t\t\t\t\t\t<div class=\"elementor-element elementor-element-2ea764a9 elementor-invisible elementor-widget elementor-widget-exhibz-title\" data-id=\"2ea764a9\" data-element_type=\"widget\" data-settings=\"{&quot;_animation&quot;:&quot;slideInUp&quot;,&quot;ekit_we_effect_on&quot;:&quot;none&quot;}\" data-widget_type=\"exhibz-title.default\">\n\t\t\t\t<div class=\"elementor-widget-container\">\n\t\t\t\n    <div class=\"title-section-area\">\n        <h2 class=\"section-title\">\n            <span class=\"sub-title\">A BIG-UP TO<\/span>\n\t\t\tOur Supporters        <\/h2>\n\t\t                    <\/div><!-- Section title -->\n    \n    \n\n    \t\t<\/div>\n\t\t\t\t<\/div>\n\t\t\t\t<section class=\"elementor-section elementor-inner-section elementor-element elementor-element-3a20149e elementor-section-content-middle elementor-section-boxed elementor-section-height-default elementor-section-height-default elementor-invisible\" data-id=\"3a20149e\" data-element_type=\"section\" data-settings=\"{&quot;animation&quot;:&quot;fadeInUp&quot;,&quot;animation_delay&quot;:500}\">\n\t\t\t\t\t\t<div class=\"elementor-container elementor-column-gap-default\">\n\t\t\t\t\t<div class=\"elementor-column elementor-col-16 elementor-inner-column elementor-element elementor-element-3ffc2125\" data-id=\"3ffc2125\" data-element_type=\"column\">\n\t\t\t<div class=\"elementor-widget-wrap\">\n\t\t\t\t\t\t\t<\/div>\n\t\t<\/div>\n\t\t\t\t<div class=\"elementor-column elementor-col-16 elementor-inner-column elementor-element elementor-element-4f047776\" data-id=\"4f047776\" data-element_type=\"column\">\n\t\t\t<div class=\"elementor-widget-wrap elementor-element-populated\">\n\t\t\t\t\t\t<div class=\"elementor-element elementor-element-23a1697 elementor-widget elementor-widget-image\" data-id=\"23a1697\" data-element_type=\"widget\" data-settings=\"{&quot;ekit_we_effect_on&quot;:&quot;none&quot;}\" data-widget_type=\"image.default\">\n\t\t\t\t<div class=\"elementor-widget-container\">\n\t\t\t\t\t\t\t\t\t\t\t\t\t\t<a href=\"#\">\n\t\t\t\t\t\t\t<img decoding=\"async\" width=\"3138\" height=\"1086\" src=\"https:\/\/streetartfestival.si\/wp-content\/uploads\/2023\/06\/MOL_SLO_COLOR.png\" class=\"attachment-full size-full wp-image-6070\" alt=\"\" srcset=\"https:\/\/streetartfestival.si\/wp-content\/uploads\/2023\/06\/MOL_SLO_COLOR.png 3138w, https:\/\/streetartfestival.si\/wp-content\/uploads\/2023\/06\/MOL_SLO_COLOR-300x104.png 300w, https:\/\/streetartfestival.si\/wp-content\/uploads\/2023\/06\/MOL_SLO_COLOR-1024x354.png 1024w, https:\/\/streetartfestival.si\/wp-content\/uploads\/2023\/06\/MOL_SLO_COLOR-768x266.png 768w, https:\/\/streetartfestival.si\/wp-content\/uploads\/2023\/06\/MOL_SLO_COLOR-1536x532.png 1536w, https:\/\/streetartfestival.si\/wp-content\/uploads\/2023\/06\/MOL_SLO_COLOR-2048x709.png 2048w, https:\/\/streetartfestival.si\/wp-content\/uploads\/2023\/06\/MOL_SLO_COLOR-600x208.png 600w\" sizes=\"(max-width: 3138px) 100vw, 3138px\" \/>\t\t\t\t\t\t\t\t<\/a>\n\t\t\t\t\t\t\t\t\t\t\t\t\t<\/div>\n\t\t\t\t<\/div>\n\t\t\t\t\t<\/div>\n\t\t<\/div>\n\t\t\t\t<div class=\"elementor-column elementor-col-16 elementor-inner-column elementor-element elementor-element-484d9af1\" data-id=\"484d9af1\" data-element_type=\"column\">\n\t\t\t<div class=\"elementor-widget-wrap elementor-element-populated\">\n\t\t\t\t\t\t<div class=\"elementor-element elementor-element-4d06ac40 elementor-widget elementor-widget-image\" data-id=\"4d06ac40\" data-element_type=\"widget\" data-settings=\"{&quot;ekit_we_effect_on&quot;:&quot;none&quot;}\" data-widget_type=\"image.default\">\n\t\t\t\t<div class=\"elementor-widget-container\">\n\t\t\t\t\t\t\t\t\t\t\t\t\t\t<a href=\"#\">\n\t\t\t\t\t\t\t<img decoding=\"async\" width=\"1151\" height=\"857\" src=\"https:\/\/streetartfestival.si\/wp-content\/uploads\/2023\/06\/TurizemLjubljana.jpg\" class=\"attachment-full size-full wp-image-6072\" alt=\"\" srcset=\"https:\/\/streetartfestival.si\/wp-content\/uploads\/2023\/06\/TurizemLjubljana.jpg 1151w, https:\/\/streetartfestival.si\/wp-content\/uploads\/2023\/06\/TurizemLjubljana-300x223.jpg 300w, https:\/\/streetartfestival.si\/wp-content\/uploads\/2023\/06\/TurizemLjubljana-1024x762.jpg 1024w, https:\/\/streetartfestival.si\/wp-content\/uploads\/2023\/06\/TurizemLjubljana-768x572.jpg 768w, https:\/\/streetartfestival.si\/wp-content\/uploads\/2023\/06\/TurizemLjubljana-600x447.jpg 600w\" sizes=\"(max-width: 1151px) 100vw, 1151px\" \/>\t\t\t\t\t\t\t\t<\/a>\n\t\t\t\t\t\t\t\t\t\t\t\t\t<\/div>\n\t\t\t\t<\/div>\n\t\t\t\t\t<\/div>\n\t\t<\/div>\n\t\t\t\t<div class=\"elementor-column elementor-col-16 elementor-inner-column elementor-element elementor-element-7fe4a41\" data-id=\"7fe4a41\" data-element_type=\"column\">\n\t\t\t<div class=\"elementor-widget-wrap elementor-element-populated\">\n\t\t\t\t\t\t<div class=\"elementor-element elementor-element-2ac20991 elementor-widget elementor-widget-image\" data-id=\"2ac20991\" data-element_type=\"widget\" data-settings=\"{&quot;ekit_we_effect_on&quot;:&quot;none&quot;}\" data-widget_type=\"image.default\">\n\t\t\t\t<div class=\"elementor-widget-container\">\n\t\t\t\t\t\t\t\t\t\t\t\t\t<img loading=\"lazy\" decoding=\"async\" width=\"275\" height=\"183\" src=\"https:\/\/streetartfestival.si\/wp-content\/uploads\/2022\/06\/ICI-iTA.png\" class=\"attachment-medium_large size-medium_large wp-image-5309\" alt=\"\" \/>\t\t\t\t\t\t\t\t\t\t\t\t\t<\/div>\n\t\t\t\t<\/div>\n\t\t\t\t\t<\/div>\n\t\t<\/div>\n\t\t\t\t<div class=\"elementor-column elementor-col-16 elementor-inner-column elementor-element elementor-element-56973f86\" data-id=\"56973f86\" data-element_type=\"column\">\n\t\t\t<div class=\"elementor-widget-wrap elementor-element-populated\">\n\t\t\t\t\t\t<div class=\"elementor-element elementor-element-f14fa20 elementor-widget elementor-widget-image\" data-id=\"f14fa20\" data-element_type=\"widget\" data-settings=\"{&quot;ekit_we_effect_on&quot;:&quot;none&quot;}\" data-widget_type=\"image.default\">\n\t\t\t\t<div class=\"elementor-widget-container\">\n\t\t\t\t\t\t\t\t\t\t\t\t\t<img loading=\"lazy\" decoding=\"async\" width=\"800\" height=\"800\" src=\"https:\/\/streetartfestival.si\/wp-content\/uploads\/2022\/06\/BeIT_logo_white-1024x1024.jpg\" class=\"attachment-large size-large wp-image-5535\" alt=\"\" srcset=\"https:\/\/streetartfestival.si\/wp-content\/uploads\/2022\/06\/BeIT_logo_white-1024x1024.jpg 1024w, https:\/\/streetartfestival.si\/wp-content\/uploads\/2022\/06\/BeIT_logo_white-600x600.jpg 600w, https:\/\/streetartfestival.si\/wp-content\/uploads\/2022\/06\/BeIT_logo_white-300x300.jpg 300w, https:\/\/streetartfestival.si\/wp-content\/uploads\/2022\/06\/BeIT_logo_white-150x150.jpg 150w, https:\/\/streetartfestival.si\/wp-content\/uploads\/2022\/06\/BeIT_logo_white-768x768.jpg 768w, https:\/\/streetartfestival.si\/wp-content\/uploads\/2022\/06\/BeIT_logo_white.jpg 1181w\" sizes=\"(max-width: 800px) 100vw, 800px\" \/>\t\t\t\t\t\t\t\t\t\t\t\t\t<\/div>\n\t\t\t\t<\/div>\n\t\t\t\t\t<\/div>\n\t\t<\/div>\n\t\t\t\t<div class=\"elementor-column elementor-col-16 elementor-inner-column elementor-element elementor-element-77687bc\" data-id=\"77687bc\" data-element_type=\"column\">\n\t\t\t<div class=\"elementor-widget-wrap\">\n\t\t\t\t\t\t\t<\/div>\n\t\t<\/div>\n\t\t\t\t\t<\/div>\n\t\t<\/section>\n\t\t\t\t<section class=\"elementor-section elementor-inner-section elementor-element elementor-element-e3c6a80 elementor-section-content-middle elementor-section-boxed elementor-section-height-default elementor-section-height-default elementor-invisible\" data-id=\"e3c6a80\" data-element_type=\"section\" data-settings=\"{&quot;animation&quot;:&quot;fadeInUp&quot;,&quot;animation_delay&quot;:500}\">\n\t\t\t\t\t\t<div class=\"elementor-container elementor-column-gap-default\">\n\t\t\t\t\t<div class=\"elementor-column elementor-col-16 elementor-inner-column elementor-element elementor-element-5601b80\" data-id=\"5601b80\" data-element_type=\"column\">\n\t\t\t<div class=\"elementor-widget-wrap\">\n\t\t\t\t\t\t\t<\/div>\n\t\t<\/div>\n\t\t\t\t<div class=\"elementor-column elementor-col-16 elementor-inner-column elementor-element elementor-element-997a0e3\" data-id=\"997a0e3\" data-element_type=\"column\">\n\t\t\t<div class=\"elementor-widget-wrap\">\n\t\t\t\t\t\t\t<\/div>\n\t\t<\/div>\n\t\t\t\t<div class=\"elementor-column elementor-col-16 elementor-inner-column elementor-element elementor-element-609db76\" data-id=\"609db76\" data-element_type=\"column\">\n\t\t\t<div class=\"elementor-widget-wrap\">\n\t\t\t\t\t\t\t<\/div>\n\t\t<\/div>\n\t\t\t\t<div class=\"elementor-column elementor-col-16 elementor-inner-column elementor-element elementor-element-a10c96e\" data-id=\"a10c96e\" data-element_type=\"column\">\n\t\t\t<div class=\"elementor-widget-wrap\">\n\t\t\t\t\t\t\t<\/div>\n\t\t<\/div>\n\t\t\t\t<div class=\"elementor-column elementor-col-16 elementor-inner-column elementor-element elementor-element-b4bc0a1\" data-id=\"b4bc0a1\" data-element_type=\"column\">\n\t\t\t<div class=\"elementor-widget-wrap\">\n\t\t\t\t\t\t\t<\/div>\n\t\t<\/div>\n\t\t\t\t<div class=\"elementor-column elementor-col-16 elementor-inner-column elementor-element elementor-element-fbb8d11\" data-id=\"fbb8d11\" data-element_type=\"column\">\n\t\t\t<div class=\"elementor-widget-wrap\">\n\t\t\t\t\t\t\t<\/div>\n\t\t<\/div>\n\t\t\t\t\t<\/div>\n\t\t<\/section>\n\t\t\t\t<div class=\"elementor-element elementor-element-c15451a elementor-hidden-desktop elementor-hidden-tablet elementor-hidden-mobile elementor-widget elementor-widget-image\" data-id=\"c15451a\" data-element_type=\"widget\" data-settings=\"{&quot;ekit_we_effect_on&quot;:&quot;none&quot;}\" data-widget_type=\"image.default\">\n\t\t\t\t<div class=\"elementor-widget-container\">\n\t\t\t\t\t\t\t\t\t\t\t\t\t<img loading=\"lazy\" decoding=\"async\" width=\"800\" height=\"241\" src=\"https:\/\/streetartfestival.si\/wp-content\/uploads\/2021\/06\/LJSAF-partners-sponsors-2-1024x308.png\" class=\"attachment-large size-large wp-image-4991\" alt=\"\" srcset=\"https:\/\/streetartfestival.si\/wp-content\/uploads\/2021\/06\/LJSAF-partners-sponsors-2-1024x308.png 1024w, https:\/\/streetartfestival.si\/wp-content\/uploads\/2021\/06\/LJSAF-partners-sponsors-2-600x180.png 600w, https:\/\/streetartfestival.si\/wp-content\/uploads\/2021\/06\/LJSAF-partners-sponsors-2-300x90.png 300w, https:\/\/streetartfestival.si\/wp-content\/uploads\/2021\/06\/LJSAF-partners-sponsors-2-768x231.png 768w, https:\/\/streetartfestival.si\/wp-content\/uploads\/2021\/06\/LJSAF-partners-sponsors-2-1536x462.png 1536w, https:\/\/streetartfestival.si\/wp-content\/uploads\/2021\/06\/LJSAF-partners-sponsors-2.png 1600w\" sizes=\"(max-width: 800px) 100vw, 800px\" \/>\t\t\t\t\t\t\t\t\t\t\t\t\t<\/div>\n\t\t\t\t<\/div>\n\t\t\t\t\t<\/div>\n\t\t<\/div>\n\t\t\t\t\t<\/div>\n\t\t<\/section>\n\t\t\t\t<section class=\"elementor-section elementor-top-section elementor-element elementor-element-8f33256 elementor-section-boxed elementor-section-height-default elementor-section-height-default\" data-id=\"8f33256\" data-element_type=\"section\">\n\t\t\t\t\t\t<div class=\"elementor-container elementor-column-gap-default\">\n\t\t\t\t\t<div class=\"elementor-column elementor-col-100 elementor-top-column elementor-element elementor-element-56a0813\" data-id=\"56a0813\" data-element_type=\"column\">\n\t\t\t<div class=\"elementor-widget-wrap elementor-element-populated\">\n\t\t\t\t\t\t<div class=\"elementor-element elementor-element-1a6172c elementor-invisible elementor-widget elementor-widget-exhibz-title\" data-id=\"1a6172c\" data-element_type=\"widget\" data-settings=\"{&quot;_animation&quot;:&quot;slideInUp&quot;,&quot;ekit_we_effect_on&quot;:&quot;none&quot;}\" data-widget_type=\"exhibz-title.default\">\n\t\t\t\t<div class=\"elementor-widget-container\">\n\t\t\t\n    <div class=\"title-section-area\">\n        <h2 class=\"section-title\">\n            <span class=\"sub-title\"><\/span>\n\t\t\tSponsors        <\/h2>\n\t\t                    <\/div><!-- Section title -->\n    \n    \n\n    \t\t<\/div>\n\t\t\t\t<\/div>\n\t\t\t\t\t<\/div>\n\t\t<\/div>\n\t\t\t\t\t<\/div>\n\t\t<\/section>\n\t\t\t\t<section class=\"elementor-section elementor-top-section elementor-element elementor-element-a5fee68 elementor-section-boxed elementor-section-height-default elementor-section-height-default\" data-id=\"a5fee68\" data-element_type=\"section\">\n\t\t\t\t\t\t<div class=\"elementor-container elementor-column-gap-default\">\n\t\t\t\t\t<div class=\"elementor-column elementor-col-100 elementor-top-column elementor-element elementor-element-709b951\" data-id=\"709b951\" data-element_type=\"column\">\n\t\t\t<div class=\"elementor-widget-wrap elementor-element-populated\">\n\t\t\t\t\t\t<section class=\"elementor-section elementor-inner-section elementor-element elementor-element-ff81891 elementor-section-content-middle elementor-section-boxed elementor-section-height-default elementor-section-height-default elementor-invisible\" data-id=\"ff81891\" data-element_type=\"section\" data-settings=\"{&quot;animation&quot;:&quot;fadeInUp&quot;,&quot;animation_delay&quot;:500}\">\n\t\t\t\t\t\t<div class=\"elementor-container elementor-column-gap-default\">\n\t\t\t\t\t<div class=\"elementor-column elementor-col-16 elementor-inner-column elementor-element elementor-element-dc8d9bd\" data-id=\"dc8d9bd\" data-element_type=\"column\">\n\t\t\t<div class=\"elementor-widget-wrap\">\n\t\t\t\t\t\t\t<\/div>\n\t\t<\/div>\n\t\t\t\t<div class=\"elementor-column elementor-col-16 elementor-inner-column elementor-element elementor-element-587a14a\" data-id=\"587a14a\" data-element_type=\"column\">\n\t\t\t<div class=\"elementor-widget-wrap\">\n\t\t\t\t\t\t\t<\/div>\n\t\t<\/div>\n\t\t\t\t<div class=\"elementor-column elementor-col-16 elementor-inner-column elementor-element elementor-element-26d843a\" data-id=\"26d843a\" data-element_type=\"column\">\n\t\t\t<div class=\"elementor-widget-wrap elementor-element-populated\">\n\t\t\t\t\t\t<div class=\"elementor-element elementor-element-cba8642 elementor-widget elementor-widget-image\" data-id=\"cba8642\" data-element_type=\"widget\" data-settings=\"{&quot;ekit_we_effect_on&quot;:&quot;none&quot;}\" data-widget_type=\"image.default\">\n\t\t\t\t<div class=\"elementor-widget-container\">\n\t\t\t\t\t\t\t\t\t\t\t\t\t\t<a href=\"#\">\n\t\t\t\t\t\t\t<img decoding=\"async\" src=\"https:\/\/streetartfestival.si\/wp-content\/uploads\/elementor\/thumbs\/Riwal-Logo-pqse3hr5asiu0i0m5r17u5v2scfqgbg2fj2sbglyww.webp\" title=\"Riwal-Logo\" alt=\"Riwal-Logo\" loading=\"lazy\" \/>\t\t\t\t\t\t\t\t<\/a>\n\t\t\t\t\t\t\t\t\t\t\t\t\t<\/div>\n\t\t\t\t<\/div>\n\t\t\t\t\t<\/div>\n\t\t<\/div>\n\t\t\t\t<div class=\"elementor-column elementor-col-16 elementor-inner-column elementor-element elementor-element-cc0c725\" data-id=\"cc0c725\" data-element_type=\"column\">\n\t\t\t<div class=\"elementor-widget-wrap elementor-element-populated\">\n\t\t\t\t\t\t<div class=\"elementor-element elementor-element-c5b0209 elementor-widget elementor-widget-image\" data-id=\"c5b0209\" data-element_type=\"widget\" data-settings=\"{&quot;ekit_we_effect_on&quot;:&quot;none&quot;}\" data-widget_type=\"image.default\">\n\t\t\t\t<div class=\"elementor-widget-container\">\n\t\t\t\t\t\t\t\t\t\t\t\t\t\t<a href=\"#\">\n\t\t\t\t\t\t\t<img decoding=\"async\" src=\"https:\/\/streetartfestival.si\/wp-content\/uploads\/elementor\/thumbs\/JUB-LOGO-pq0fa53kgddapkeujzxu81u6z75t0iwvhp29ijycqo.png\" title=\"JUB-LOGO\" alt=\"JUB-LOGO\" loading=\"lazy\" \/>\t\t\t\t\t\t\t\t<\/a>\n\t\t\t\t\t\t\t\t\t\t\t\t\t<\/div>\n\t\t\t\t<\/div>\n\t\t\t\t\t<\/div>\n\t\t<\/div>\n\t\t\t\t<div class=\"elementor-column elementor-col-16 elementor-inner-column elementor-element elementor-element-760280b\" data-id=\"760280b\" data-element_type=\"column\">\n\t\t\t<div class=\"elementor-widget-wrap elementor-element-populated\">\n\t\t\t\t\t\t<div class=\"elementor-element elementor-element-54a2cfe elementor-widget elementor-widget-image\" data-id=\"54a2cfe\" data-element_type=\"widget\" data-settings=\"{&quot;ekit_we_effect_on&quot;:&quot;none&quot;}\" data-widget_type=\"image.default\">\n\t\t\t\t<div class=\"elementor-widget-container\">\n\t\t\t\t\t\t\t\t\t\t\t\t\t<img loading=\"lazy\" decoding=\"async\" width=\"300\" height=\"229\" src=\"https:\/\/streetartfestival.si\/wp-content\/uploads\/2022\/06\/logo-montana-colors-300x229.png\" class=\"attachment-medium size-medium wp-image-5327\" alt=\"\" srcset=\"https:\/\/streetartfestival.si\/wp-content\/uploads\/2022\/06\/logo-montana-colors-300x229.png 300w, https:\/\/streetartfestival.si\/wp-content\/uploads\/2022\/06\/logo-montana-colors.png 500w\" sizes=\"(max-width: 300px) 100vw, 300px\" \/>\t\t\t\t\t\t\t\t\t\t\t\t\t<\/div>\n\t\t\t\t<\/div>\n\t\t\t\t\t<\/div>\n\t\t<\/div>\n\t\t\t\t<div class=\"elementor-column elementor-col-16 elementor-inner-column elementor-element elementor-element-7020a67\" data-id=\"7020a67\" data-element_type=\"column\">\n\t\t\t<div class=\"elementor-widget-wrap\">\n\t\t\t\t\t\t\t<\/div>\n\t\t<\/div>\n\t\t\t\t\t<\/div>\n\t\t<\/section>\n\t\t\t\t<section class=\"elementor-section elementor-inner-section elementor-element elementor-element-b3b4b32 elementor-section-content-middle elementor-section-boxed elementor-section-height-default elementor-section-height-default elementor-invisible\" data-id=\"b3b4b32\" data-element_type=\"section\" data-settings=\"{&quot;animation&quot;:&quot;fadeInUp&quot;,&quot;animation_delay&quot;:500}\">\n\t\t\t\t\t\t<div class=\"elementor-container elementor-column-gap-default\">\n\t\t\t\t\t<div class=\"elementor-column elementor-col-16 elementor-inner-column elementor-element elementor-element-c60b921\" data-id=\"c60b921\" data-element_type=\"column\">\n\t\t\t<div class=\"elementor-widget-wrap\">\n\t\t\t\t\t\t\t<\/div>\n\t\t<\/div>\n\t\t\t\t<div class=\"elementor-column elementor-col-16 elementor-inner-column elementor-element elementor-element-c325596\" data-id=\"c325596\" data-element_type=\"column\">\n\t\t\t<div class=\"elementor-widget-wrap\">\n\t\t\t\t\t\t\t<\/div>\n\t\t<\/div>\n\t\t\t\t<div class=\"elementor-column elementor-col-16 elementor-inner-column elementor-element elementor-element-6dbbfa3\" data-id=\"6dbbfa3\" data-element_type=\"column\">\n\t\t\t<div class=\"elementor-widget-wrap\">\n\t\t\t\t\t\t\t<\/div>\n\t\t<\/div>\n\t\t\t\t<div class=\"elementor-column elementor-col-16 elementor-inner-column elementor-element elementor-element-29dfe11\" data-id=\"29dfe11\" data-element_type=\"column\">\n\t\t\t<div class=\"elementor-widget-wrap\">\n\t\t\t\t\t\t\t<\/div>\n\t\t<\/div>\n\t\t\t\t<div class=\"elementor-column elementor-col-16 elementor-inner-column elementor-element elementor-element-63e2567\" data-id=\"63e2567\" data-element_type=\"column\">\n\t\t\t<div class=\"elementor-widget-wrap\">\n\t\t\t\t\t\t\t<\/div>\n\t\t<\/div>\n\t\t\t\t<div class=\"elementor-column elementor-col-16 elementor-inner-column elementor-element elementor-element-5d77ec9\" data-id=\"5d77ec9\" data-element_type=\"column\">\n\t\t\t<div class=\"elementor-widget-wrap\">\n\t\t\t\t\t\t\t<\/div>\n\t\t<\/div>\n\t\t\t\t\t<\/div>\n\t\t<\/section>\n\t\t\t\t\t<\/div>\n\t\t<\/div>\n\t\t\t\t\t<\/div>\n\t\t<\/section>\n\t\t\t\t<\/div>\n\t\t","protected":false},"excerpt":{"rendered":"<p>Ljubljana Street Art Festival is the first international contemporary street art festival in Slovenia. Born from a passion for street art, graffiti, urban art, and art interventions in public spaces, Ljubljana Street Art Festival brings together international and local artists and scholars. It invites visitors to read the streets, participate in activities as well as [&hellip;]<\/p>\n","protected":false},"author":1,"featured_media":4894,"parent":0,"menu_order":0,"comment_status":"closed","ping_status":"closed","template":"","meta":{"footnotes":""},"_links":{"self":[{"href":"https:\/\/streetartfestival.si\/en\/wp-json\/wp\/v2\/pages\/5396"}],"collection":[{"href":"https:\/\/streetartfestival.si\/en\/wp-json\/wp\/v2\/pages"}],"about":[{"href":"https:\/\/streetartfestival.si\/en\/wp-json\/wp\/v2\/types\/page"}],"author":[{"embeddable":true,"href":"https:\/\/streetartfestival.si\/en\/wp-json\/wp\/v2\/users\/1"}],"replies":[{"embeddable":true,"href":"https:\/\/streetartfestival.si\/en\/wp-json\/wp\/v2\/comments?post=5396"}],"version-history":[{"count":28,"href":"https:\/\/streetartfestival.si\/en\/wp-json\/wp\/v2\/pages\/5396\/revisions"}],"predecessor-version":[{"id":6096,"href":"https:\/\/streetartfestival.si\/en\/wp-json\/wp\/v2\/pages\/5396\/revisions\/6096"}],"wp:featuredmedia":[{"embeddable":true,"href":"https:\/\/streetartfestival.si\/en\/wp-json\/wp\/v2\/media\/4894"}],"wp:attachment":[{"href":"https:\/\/streetartfestival.si\/en\/wp-json\/wp\/v2\/media?parent=5396"}],"curies":[{"name":"wp","href":"https:\/\/api.w.org\/{rel}","templated":true}]}}